{"id":31467,"date":"2024-06-26T13:14:49","date_gmt":"2024-06-26T11:14:49","guid":{"rendered":"https:\/\/refraceram.com\/our-services\/"},"modified":"2024-11-04T11:40:21","modified_gmt":"2024-11-04T10:40:21","slug":"our-services","status":"publish","type":"page","link":"https:\/\/refraceram.com\/en\/our-services\/","title":{"rendered":"Our Services"},"content":{"rendered":"\t\t<div data-elementor-type=\"wp-page\" data-elementor-id=\"31467\" class=\"elementor elementor-31467 elementor-30690\">\n\t\t\t\t\r\n\t\t<div class=\"default no-position show_shadow rs-sticky-default elementor-element elementor-element-e8256c4 e-flex e-con-boxed e-con e-parent\" data-id=\"e8256c4\" data-element_type=\"container\" data-e-type=\"container\" data-settings=\"{&quot;background_background&quot;:&quot;classic&quot;}\">\n\t\t\t\t\t<div class=\"e-con-inner\">\n\t\t\r\n\t\t\t\t<div class=\"elementor-element elementor-element-79b6714 servicios elementor-widget elementor-widget-rs-service-slider\" data-id=\"79b6714\" data-element_type=\"widget\" data-e-type=\"widget\" data-widget_type=\"rs-service-slider.default\">\n\t\t\t\t<div class=\"elementor-widget-container\">\n\t\t\t\t\t        \r\n                <div class=\"rsaddon-unique-slider uni-10622 rs-unique-grid-services\">\r\n            <div class=\"rs-addon-slider rs-services-slider service-style-2 row\">\r\n        \r\n                <div class=\"grid-item col-lg-4 col-md-6\">\r\n    <div class=\"rs-service-slider\">    \r\n                <div class=\"service-img\">\r\n                <a href=\"#\" >\r\n                <img decoding=\"async\" src=\"https:\/\/refraceram.com\/wp-content\/uploads\/2024\/06\/empresa3.webp\" title=\"Ingenieria\" alt=\"Ingenieria\" loading=\"lazy\" \/>            <\/a>\r\n                \r\n            <\/div>\r\n        \r\n        <div class=\"service-title-holder btn_box fadeInUp\">\r\n            \r\n                                                <div class=\"service-title\">\r\n                    <h3 class=\"title\">\r\n                        <a href=\"#\" >\r\n                             ENGINEERING                        <\/a>\r\n                        <\/h3>\r\n                    <\/div>\r\n                            \r\n                                                <div class=\"service-desc\">\r\n                        Refraceram provides its clients with an experienced technical team for the development of their own designs for the implementation of industrial equipment, combustion chambers, incinerators, dryers.                    <\/div>\r\n                                                    <!-- Button Style -->\r\n                        <!-- Button Style End -->\r\n        <\/div>\r\n    <\/div>\r\n<\/div>                    <div class=\"grid-item col-lg-4 col-md-6\">\r\n    <div class=\"rs-service-slider\">    \r\n                <div class=\"service-img\">\r\n                <a href=\"#\" >\r\n                <img decoding=\"async\" src=\"https:\/\/refraceram.com\/wp-content\/uploads\/2024\/06\/Montaje.webp\" title=\"Montaje\" alt=\"Montaje\" loading=\"lazy\" \/>            <\/a>\r\n                \r\n            <\/div>\r\n        \r\n        <div class=\"service-title-holder btn_box fadeInUp\">\r\n            \r\n                                                <div class=\"service-title\">\r\n                    <h3 class=\"title\">\r\n                        <a href=\"#\" >\r\n                             INSTALLATION                        <\/a>\r\n                        <\/h3>\r\n                    <\/div>\r\n                            \r\n                                                <div class=\"service-desc\">\r\n                        Refraceram provides the installation of refractory materials in all the sectors where it operates as a materials supplier.                    <\/div>\r\n                                                    <!-- Button Style -->\r\n                        <!-- Button Style End -->\r\n        <\/div>\r\n    <\/div>\r\n<\/div>                    <div class=\"grid-item col-lg-4 col-md-6\">\r\n    <div class=\"rs-service-slider\">    \r\n                <div class=\"service-img\">\r\n                <a href=\"#\" >\r\n                <img decoding=\"async\" src=\"https:\/\/refraceram.com\/wp-content\/uploads\/2024\/06\/PMantenimiento.webp\" title=\"Mantenimiento\" alt=\"Mantenimiento\" loading=\"lazy\" \/>            <\/a>\r\n                \r\n            <\/div>\r\n        \r\n        <div class=\"service-title-holder btn_box fadeInUp\">\r\n            \r\n                                                <div class=\"service-title\">\r\n                    <h3 class=\"title\">\r\n                        <a href=\"#\" >\r\n                             MAINTENANCE                        <\/a>\r\n                        <\/h3>\r\n                    <\/div>\r\n                            \r\n                                                <div class=\"service-desc\">\r\n                        Refraceram supervises and performs maintenance on industrial equipment. It also carries out upgrades and modernizations of kilns and dryers.                    <\/div>\r\n                                                    <!-- Button Style -->\r\n                        <!-- Button Style End -->\r\n        <\/div>\r\n    <\/div>\r\n<\/div>                            <\/div>\r\n                    <\/div>\r\n        \t\t\t\t<\/div>\n\t\t\t\t<\/div>\n\t\t\t\t\t<\/div>\n\t\t\t\t<\/div>\n\t\t\r\n\t\t<div class=\"default no-position show_shadow rs-sticky-default elementor-element elementor-element-a54168b e-con-full elementor-hidden-desktop elementor-hidden-laptop elementor-hidden-tablet elementor-hidden-mobile e-flex e-con e-parent\" data-id=\"a54168b\" data-element_type=\"container\" data-e-type=\"container\" data-settings=\"{&quot;background_background&quot;:&quot;classic&quot;}\">\n\t\t\r\n\t\t<div class=\"default no-position show_shadow rs-sticky-default elementor-element elementor-element-343b400 e-flex e-con-boxed e-con e-child\" data-id=\"343b400\" data-element_type=\"container\" data-e-type=\"container\">\n\t\t\t\t\t<div class=\"e-con-inner\">\n\t\t\r\n\t\t<div class=\"default no-position show_shadow rs-sticky-default elementor-element elementor-element-acf5aa8 e-con-full e-flex e-con e-child\" data-id=\"acf5aa8\" data-element_type=\"container\" data-e-type=\"container\">\n\t\t\r\n\t\t\t\t<div class=\"elementor-element elementor-element-6e08f25 elementor-widget elementor-widget-rs-heading\" data-id=\"6e08f25\" data-element_type=\"widget\" data-e-type=\"widget\" data-widget_type=\"rs-heading.default\">\n\t\t\t\t<div class=\"elementor-widget-container\">\n\t\t\t\t\t\n\t\t<div class=\"prelements-heading style1  \">\n\t\t\t<div class=\"title-inner\">\n\t\t\t\t\t\t\t\t\t<span class=\"sub-text\">\n\t\t\t\t\t\t<svg xmlns=\"http:\/\/www.w3.org\/2000\/svg\" width=\"11\" height=\"15\" viewBox=\"0 0 11 15\" fill=\"none\"><path d=\"M3.14286 10L0 15L8.78104e-07 0L3.14286 5V10Z\" fill=\"#EA5501\"><\/path><path fill-rule=\"evenodd\" clip-rule=\"evenodd\" d=\"M6.28571 10L3.14286 15L3.14286 10L4.71428 7.5L3.14286 5L3.14286 0L6.28571 5L6.28571 10ZM6.28571 10L7.85714 7.5L6.28571 5V0L11 7.5L6.28571 15V10Z\" fill=\"#EA5501\"><\/path><\/svg>\t\t\t\t\t\tServices\t\t\t\t\t<\/span>\n\t\t\t\t<h2 class=\"title rs-split-text-disable \">Services Box Style 04<\/h2>\n\t\t\t<\/div>\n\t\t\t\t\t<\/div>\n\t\t\t\t<\/div>\n\t\t\t\t<\/div>\n\t\t\t\t<\/div>\n\t\t\t\t\t<\/div>\n\t\t\t\t<\/div>\n\t\t\r\n\t\t<div class=\"default no-position show_shadow rs-sticky-default elementor-element elementor-element-735b88f e-con-full e-flex e-con e-child\" data-id=\"735b88f\" data-element_type=\"container\" data-e-type=\"container\">\n\t\t\r\n\t\t<div class=\"default no-position show_shadow rs-sticky-default elementor-element elementor-element-d77060c e-con-full e-flex e-con e-child\" data-id=\"d77060c\" data-element_type=\"container\" data-e-type=\"container\">\n\t\t\r\n\t\t\t\t<div class=\"elementor-element elementor-element-d99c95f elementor-widget elementor-widget-rs-service-grid\" data-id=\"d99c95f\" data-element_type=\"widget\" data-e-type=\"widget\" data-widget_type=\"rs-service-grid.default\">\n\t\t\t\t<div class=\"elementor-widget-container\">\n\t\t\t\t\t\r\n\t\t<div class=\"rs-addon-services style5\">\r\n\t\t\t<div class=\"services-inner link\">\r\n            <div class=\"numbering\">\r\n            <span>01<\/span>\r\n        <\/div>\r\n        <div class=\"content_part\">\r\n                    <div class=\"services-title\">\r\n                                    <h3 class=\"title\"> INGENIERIA<\/h3>\r\n                            <\/div>\r\n                            <div class=\"desc-text\">\r\n                Refraceram dispone de un equipo t\u00e9cnico experimentado que acomete el desarrollo de dise\u00f1os propios, o trabajaba junto a su clientes, para la implantaci\u00f3n de equipos industriales,c\u00e1maras de combusti\u00f3n, incineradoras, secaderos.            <\/div>\r\n                    <\/div>\r\n            <div class=\"media_wrap\">\r\n                                                <div class=\"image_style media-cmn\">\r\n                        <img fetchpriority=\"high\" decoding=\"async\" width=\"352\" height=\"199\" src=\"https:\/\/refraceram.com\/wp-content\/uploads\/2024\/06\/empresa3-352x199.webp\" class=\"attachment-industrie_service-grid size-industrie_service-grid wp-image-30702\" alt=\"Ingenieria\" \/>                    <\/div>\r\n                                    <\/div>\r\n    <\/div>\t\t<\/div>\r\n\r\n\t\t\t\t<\/div>\n\t\t\t\t<\/div>\n\t\t\t\t<\/div>\n\t\t\r\n\t\t<div class=\"default no-position show_shadow rs-sticky-default elementor-element elementor-element-8691b88 e-con-full e-flex e-con e-child\" data-id=\"8691b88\" data-element_type=\"container\" data-e-type=\"container\">\n\t\t\r\n\t\t\t\t<div class=\"elementor-element elementor-element-39a55b2 elementor-widget elementor-widget-rs-service-grid\" data-id=\"39a55b2\" data-element_type=\"widget\" data-e-type=\"widget\" data-widget_type=\"rs-service-grid.default\">\n\t\t\t\t<div class=\"elementor-widget-container\">\n\t\t\t\t\t\r\n\t\t<div class=\"rs-addon-services style5\">\r\n\t\t\t<div class=\"services-inner link\">\r\n            <div class=\"numbering\">\r\n            <span>03<\/span>\r\n        <\/div>\r\n        <div class=\"content_part\">\r\n                    <div class=\"services-title\">\r\n                                    <h3 class=\"title\"> ECO &amp; BIO  <br \/>Power<\/h3>\r\n                            <\/div>\r\n                            <div class=\"desc-text\">\r\n                We solve worldwide industrial problem the heart global industry.            <\/div>\r\n                    <\/div>\r\n            <div class=\"media_wrap\">\r\n                                                <div class=\"image_style media-cmn\">\r\n                        <img decoding=\"async\" width=\"352\" height=\"199\" src=\"https:\/\/refraceram.com\/wp-content\/uploads\/2024\/06\/Montaje-352x199.webp\" class=\"attachment-industrie_service-grid size-industrie_service-grid wp-image-30706\" alt=\"Montaje\" \/>                    <\/div>\r\n                                    <\/div>\r\n    <\/div>\t\t<\/div>\r\n\r\n\t\t\t\t<\/div>\n\t\t\t\t<\/div>\n\t\t\t\t<\/div>\n\t\t\r\n\t\t<div class=\"default no-position show_shadow rs-sticky-default elementor-element elementor-element-fe9d3af e-con-full e-flex e-con e-child\" data-id=\"fe9d3af\" data-element_type=\"container\" data-e-type=\"container\">\n\t\t\r\n\t\t\t\t<div class=\"elementor-element elementor-element-3085b3e elementor-widget elementor-widget-rs-service-grid\" data-id=\"3085b3e\" data-element_type=\"widget\" data-e-type=\"widget\" data-widget_type=\"rs-service-grid.default\">\n\t\t\t\t<div class=\"elementor-widget-container\">\n\t\t\t\t\t\r\n\t\t<div class=\"rs-addon-services style5\">\r\n\t\t\t<div class=\"services-inner link\">\r\n            <div class=\"numbering\">\r\n            <span>04<\/span>\r\n        <\/div>\r\n        <div class=\"content_part\">\r\n                    <div class=\"services-title\">\r\n                                    <h3 class=\"title\"> Fuel &amp; Gas <br \/>Management<\/h3>\r\n                            <\/div>\r\n                            <div class=\"desc-text\">\r\n                We solve worldwide industrial problem the heart global industry.            <\/div>\r\n                            <div class=\"btn-part\">\r\n                                <a class=\"services-btn\" href=\"#\" >\r\n                                                                                <svg xmlns=\"http:\/\/www.w3.org\/2000\/svg\" width=\"26\" height=\"12\" viewBox=\"0 0 26 12\" fill=\"none\"><path opacity=\"0.6\" d=\"M25.5303 6.53033C25.8232 6.23743 25.8232 5.76256 25.5303 5.46967L20.7574 0.696697C20.4645 0.403804 19.9896 0.403804 19.6967 0.696697C19.4038 0.989591 19.4038 1.46446 19.6967 1.75736L23.9393 6L19.6967 10.2426C19.4038 10.5355 19.4038 11.0104 19.6967 11.3033C19.9896 11.5962 20.4645 11.5962 20.7574 11.3033L25.5303 6.53033ZM6.55671e-08 6.75L25 6.75L25 5.25L-6.55671e-08 5.25L6.55671e-08 6.75Z\" fill=\"#616161\"><\/path><\/svg>                <\/a>\r\n            <\/div>\r\n            <\/div>\r\n            <div class=\"media_wrap\">\r\n                                                <div class=\"image_style media-cmn\">\r\n                        <img decoding=\"async\" src=\"https:\/\/industrie.rstheme.com\/main\/wp-content\/uploads\/2024\/01\/industry_s_img_4.jpg\" title=\"\" alt=\"\" loading=\"lazy\" \/>                    <\/div>\r\n                                    <\/div>\r\n    <\/div>\t\t<\/div>\r\n\r\n\t\t\t\t<\/div>\n\t\t\t\t<\/div>\n\t\t\t\t<\/div>\n\t\t\t\t<\/div>\n\t\t\t\t<\/div>\n\t\t\t\t<\/div>\n\t\t","protected":false},"excerpt":{"rendered":"<p>ENGINEERING Refraceram provides its clients with an experienced technical team for the development of their own designs for the implementation of industrial equipment, combustion chambers, incinerators, dryers. INSTALLATION Refraceram provides the installation of refractory materials in all the sectors where it operates as a materials supplier. MAINTENANCE Refraceram supervises and performs maintenance on industrial equipment&#8230;.<\/p>\n","protected":false},"author":1,"featured_media":0,"parent":0,"menu_order":5,"comment_status":"closed","ping_status":"closed","template":"elementor_header_footer","meta":{"footnotes":""},"class_list":["post-31467","page","type-page","status-publish","hentry"],"_links":{"self":[{"href":"https:\/\/refraceram.com\/en\/wp-json\/wp\/v2\/pages\/31467","targetHints":{"allow":["GET"]}}],"collection":[{"href":"https:\/\/refraceram.com\/en\/wp-json\/wp\/v2\/pages"}],"about":[{"href":"https:\/\/refraceram.com\/en\/wp-json\/wp\/v2\/types\/page"}],"author":[{"embeddable":true,"href":"https:\/\/refraceram.com\/en\/wp-json\/wp\/v2\/users\/1"}],"replies":[{"embeddable":true,"href":"https:\/\/refraceram.com\/en\/wp-json\/wp\/v2\/comments?post=31467"}],"version-history":[{"count":4,"href":"https:\/\/refraceram.com\/en\/wp-json\/wp\/v2\/pages\/31467\/revisions"}],"predecessor-version":[{"id":31471,"href":"https:\/\/refraceram.com\/en\/wp-json\/wp\/v2\/pages\/31467\/revisions\/31471"}],"wp:attachment":[{"href":"https:\/\/refraceram.com\/en\/wp-json\/wp\/v2\/media?parent=31467"}],"curies":[{"name":"wp","href":"https:\/\/api.w.org\/{rel}","templated":true}]}}