{"id":31275,"date":"2024-06-18T14:30:08","date_gmt":"2024-06-18T12:30:08","guid":{"rendered":"https:\/\/refraceram.com\/company\/"},"modified":"2024-11-12T11:42:59","modified_gmt":"2024-11-12T10:42:59","slug":"company","status":"publish","type":"page","link":"https:\/\/refraceram.com\/en\/company\/","title":{"rendered":"Company"},"content":{"rendered":"\t\t<div data-elementor-type=\"wp-page\" data-elementor-id=\"31275\" class=\"elementor elementor-31275 elementor-30243\">\n\t\t\t\t\r\n\t\t<div class=\"default no-position show_shadow rs-sticky-default elementor-element elementor-element-42b2ca2 e-flex e-con-boxed e-con e-parent\" data-id=\"42b2ca2\" data-element_type=\"container\" data-e-type=\"container\">\n\t\t\t\t\t<div class=\"e-con-inner\">\n\t\t\r\n\t\t<div class=\"default no-position show_shadow rs-sticky-default elementor-element elementor-element-da65d64 e-con-full e-flex e-con e-child\" data-id=\"da65d64\" data-element_type=\"container\" data-e-type=\"container\">\n\t\t\r\n\t\t\t\t<div class=\"elementor-element elementor-element-a262d18 elementor-widget__width-initial elementor-widget-laptop__width-inherit elementor-widget elementor-widget-image\" data-id=\"a262d18\" data-element_type=\"widget\" data-e-type=\"widget\" data-widget_type=\"image.default\">\n\t\t\t\t<div class=\"elementor-widget-container\">\n\t\t\t\t\t\t\t\t\t\t\t\t\t\t\t<img fetchpriority=\"high\" decoding=\"async\" width=\"800\" height=\"600\" src=\"https:\/\/refraceram.com\/wp-content\/uploads\/2024\/06\/empresa1.webp\" class=\"attachment-full size-full wp-image-30234\" alt=\"Refraceram\" srcset=\"https:\/\/refraceram.com\/wp-content\/uploads\/2024\/06\/empresa1.webp 800w, https:\/\/refraceram.com\/wp-content\/uploads\/2024\/06\/empresa1-300x225.webp 300w, https:\/\/refraceram.com\/wp-content\/uploads\/2024\/06\/empresa1-768x576.webp 768w\" sizes=\"(max-width: 800px) 100vw, 800px\" \/>\t\t\t\t\t\t\t\t\t\t\t\t\t\t\t<\/div>\n\t\t\t\t<\/div>\n\t\t\r\n\t\t<div class=\"default no-position show_shadow rs-sticky-default elementor-element elementor-element-2d518ca e-con-full elementor-hidden-mobile e-flex e-con e-child\" data-id=\"2d518ca\" data-element_type=\"container\" data-e-type=\"container\" data-settings=\"{&quot;background_background&quot;:&quot;classic&quot;,&quot;position&quot;:&quot;absolute&quot;}\">\n\t\t\r\n\t\t\t\t<div class=\"elementor-element elementor-element-ba5cf06 elementor-widget elementor-widget-rs-image\" data-id=\"ba5cf06\" data-element_type=\"widget\" data-e-type=\"widget\" data-widget_type=\"rs-image.default\">\n\t\t\t\t<div class=\"elementor-widget-container\">\n\t\t\t\t\t\n        <div class=\"rs-image no ruler_image_no ruler_position_  \">\n                                                            <img decoding=\"async\" class=\"rs-multi-image  reverse- blend_unset\" src=\"https:\/\/refraceram.com\/wp-content\/uploads\/2024\/06\/empresa2.webp\" alt=\"image\"\/>\n                                                                        <\/div>   \n          \n    \t\t\t\t<\/div>\n\t\t\t\t<\/div>\n\t\t\t\t<\/div>\n\t\t\t\t<\/div>\n\t\t\r\n\t\t<div class=\"default no-position show_shadow rs-sticky-default elementor-element elementor-element-e787eee e-flex e-con-boxed e-con e-child\" data-id=\"e787eee\" data-element_type=\"container\" data-e-type=\"container\">\n\t\t\t\t\t<div class=\"e-con-inner\">\n\t\t\r\n\t\t\t\t<div class=\"elementor-element elementor-element-c30a293 elementor-widget__width-initial elementor-widget elementor-widget-rs-heading\" data-id=\"c30a293\" data-element_type=\"widget\" data-e-type=\"widget\" data-widget_type=\"rs-heading.default\">\n\t\t\t\t<div class=\"elementor-widget-container\">\n\t\t\t\t\t\n\t\t<div class=\"prelements-heading style1  left\">\n\t\t\t<div class=\"title-inner\">\n\t\t\t\t\t\t\t\t\t<span class=\"sub-text\">\n\t\t\t\t\t\t<svg xmlns=\"http:\/\/www.w3.org\/2000\/svg\" width=\"11\" height=\"15\" viewBox=\"0 0 11 15\" fill=\"none\"><path d=\"M3.14286 10L0 15L8.78104e-07 0L3.14286 5V10Z\" fill=\"#EA5501\"><\/path><path fill-rule=\"evenodd\" clip-rule=\"evenodd\" d=\"M6.28571 10L3.14286 15L3.14286 10L4.71428 7.5L3.14286 5L3.14286 0L6.28571 5L6.28571 10ZM6.28571 10L7.85714 7.5L6.28571 5V0L11 7.5L6.28571 15V10Z\" fill=\"#EA5501\"><\/path><\/svg>\t\t\t\t\t\tCompany\t\t\t\t\t<\/span>\n\t\t\t\t<h2 class=\"title rs-split-text-disable \">Refraceram S.L.<\/h2>\n\t\t\t<\/div>\n\t\t\t\t\t<\/div>\n\t\t\t\t<\/div>\n\t\t\t\t<\/div>\n\t\t\r\n\t\t\t\t<div class=\"elementor-element elementor-element-89e3f28 elementor-widget elementor-widget-text-editor\" data-id=\"89e3f28\" data-element_type=\"widget\" data-e-type=\"widget\" data-widget_type=\"text-editor.default\">\n\t\t\t\t<div class=\"elementor-widget-container\">\n\t\t\t\t\t\t\t\t\t<p>Refraceram is a Spanish company focused on providing comprehensive solutions for its clients in the field of refractory materials.<\/p>\n<p>Refraceram brings over thirty years of experience in serving various industrial sectors where refractory materials are involved in the production process.<\/p>\n<p>Refraceram&#8217;s areas of expertise include:<\/p>\n\t\t\t\t\t\t\t\t<\/div>\n\t\t\t\t<\/div>\n\t\t\r\n\t\t\t\t<div class=\"elementor-element elementor-element-9601a7b elementor-icon-list--layout-traditional elementor-list-item-link-full_width elementor-widget elementor-widget-icon-list\" data-id=\"9601a7b\" data-element_type=\"widget\" data-e-type=\"widget\" data-widget_type=\"icon-list.default\">\n\t\t\t\t<div class=\"elementor-widget-container\">\n\t\t\t\t\t\t\t<ul class=\"elementor-icon-list-items\">\n\t\t\t\t\t\t\t<li class=\"elementor-icon-list-item\">\n\t\t\t\t\t\t\t\t\t\t\t<span class=\"elementor-icon-list-icon\">\n\t\t\t\t\t\t\t<svg aria-hidden=\"true\" class=\"e-font-icon-svg e-far-check-circle\" viewBox=\"0 0 512 512\" xmlns=\"http:\/\/www.w3.org\/2000\/svg\"><path d=\"M256 8C119.033 8 8 119.033 8 256s111.033 248 248 248 248-111.033 248-248S392.967 8 256 8zm0 48c110.532 0 200 89.451 200 200 0 110.532-89.451 200-200 200-110.532 0-200-89.451-200-200 0-110.532 89.451-200 200-200m140.204 130.267l-22.536-22.718c-4.667-4.705-12.265-4.736-16.97-.068L215.346 303.697l-59.792-60.277c-4.667-4.705-12.265-4.736-16.97-.069l-22.719 22.536c-4.705 4.667-4.736 12.265-.068 16.971l90.781 91.516c4.667 4.705 12.265 4.736 16.97.068l172.589-171.204c4.704-4.668 4.734-12.266.067-16.971z\"><\/path><\/svg>\t\t\t\t\t\t<\/span>\n\t\t\t\t\t\t\t\t\t\t<span class=\"elementor-icon-list-text\">Supplying all types of refractory materials, both shaped and unshaped, for working layers, insulation, etc., in the shortest possible lead times and with the highest quality.<\/span>\n\t\t\t\t\t\t\t\t\t<\/li>\n\t\t\t\t\t\t\t\t<li class=\"elementor-icon-list-item\">\n\t\t\t\t\t\t\t\t\t\t\t<span class=\"elementor-icon-list-icon\">\n\t\t\t\t\t\t\t<svg aria-hidden=\"true\" class=\"e-font-icon-svg e-far-check-circle\" viewBox=\"0 0 512 512\" xmlns=\"http:\/\/www.w3.org\/2000\/svg\"><path d=\"M256 8C119.033 8 8 119.033 8 256s111.033 248 248 248 248-111.033 248-248S392.967 8 256 8zm0 48c110.532 0 200 89.451 200 200 0 110.532-89.451 200-200 200-110.532 0-200-89.451-200-200 0-110.532 89.451-200 200-200m140.204 130.267l-22.536-22.718c-4.667-4.705-12.265-4.736-16.97-.068L215.346 303.697l-59.792-60.277c-4.667-4.705-12.265-4.736-16.97-.069l-22.719 22.536c-4.705 4.667-4.736 12.265-.068 16.971l90.781 91.516c4.667 4.705 12.265 4.736 16.97.068l172.589-171.204c4.704-4.668 4.734-12.266.067-16.971z\"><\/path><\/svg>\t\t\t\t\t\t<\/span>\n\t\t\t\t\t\t\t\t\t\t<span class=\"elementor-icon-list-text\">Advising on the most suitable materials for each application, seeking to optimize the lining.<\/span>\n\t\t\t\t\t\t\t\t\t<\/li>\n\t\t\t\t\t\t\t\t<li class=\"elementor-icon-list-item\">\n\t\t\t\t\t\t\t\t\t\t\t<span class=\"elementor-icon-list-icon\">\n\t\t\t\t\t\t\t<svg aria-hidden=\"true\" class=\"e-font-icon-svg e-far-check-circle\" viewBox=\"0 0 512 512\" xmlns=\"http:\/\/www.w3.org\/2000\/svg\"><path d=\"M256 8C119.033 8 8 119.033 8 256s111.033 248 248 248 248-111.033 248-248S392.967 8 256 8zm0 48c110.532 0 200 89.451 200 200 0 110.532-89.451 200-200 200-110.532 0-200-89.451-200-200 0-110.532 89.451-200 200-200m140.204 130.267l-22.536-22.718c-4.667-4.705-12.265-4.736-16.97-.068L215.346 303.697l-59.792-60.277c-4.667-4.705-12.265-4.736-16.97-.069l-22.719 22.536c-4.705 4.667-4.736 12.265-.068 16.971l90.781 91.516c4.667 4.705 12.265 4.736 16.97.068l172.589-171.204c4.704-4.668 4.734-12.266.067-16.971z\"><\/path><\/svg>\t\t\t\t\t\t<\/span>\n\t\t\t\t\t\t\t\t\t\t<span class=\"elementor-icon-list-text\">Turnkey project supply for installations in different sectors, coordinating their development.<\/span>\n\t\t\t\t\t\t\t\t\t<\/li>\n\t\t\t\t\t\t<\/ul>\n\t\t\t\t\t\t<\/div>\n\t\t\t\t<\/div>\n\t\t\r\n\t\t\t\t<div class=\"elementor-element elementor-element-7635839 elementor-widget elementor-widget-text-editor\" data-id=\"7635839\" data-element_type=\"widget\" data-e-type=\"widget\" data-widget_type=\"text-editor.default\">\n\t\t\t\t<div class=\"elementor-widget-container\">\n\t\t\t\t\t\t\t\t\t<p>In general, any type of intervention in installations with refractory linings for high-temperature applications.<\/p>\n\t\t\t\t\t\t\t\t<\/div>\n\t\t\t\t<\/div>\n\t\t\t\t\t<\/div>\n\t\t\t\t<\/div>\n\t\t\t\t\t<\/div>\n\t\t\t\t<\/div>\n\t\t\r\n\t\t<div class=\"default no-position show_shadow rs-sticky-default elementor-element elementor-element-86755a5 elementor-hidden-desktop elementor-hidden-laptop elementor-hidden-tablet elementor-hidden-mobile e-flex e-con-boxed e-con e-parent\" data-id=\"86755a5\" data-element_type=\"container\" data-e-type=\"container\" data-settings=\"{&quot;background_background&quot;:&quot;classic&quot;}\">\n\t\t\t\t\t<div class=\"e-con-inner\">\n\t\t\r\n\t\t<div class=\"default no-position show_shadow rs-sticky-default elementor-element elementor-element-5af4dc7 e-con-full e-flex e-con e-child\" data-id=\"5af4dc7\" data-element_type=\"container\" data-e-type=\"container\">\n\t\t\r\n\t\t<div class=\"default no-position show_shadow rs-sticky-default elementor-element elementor-element-78946f4 e-flex e-con-boxed e-con e-child\" data-id=\"78946f4\" data-element_type=\"container\" data-e-type=\"container\">\n\t\t\t\t\t<div class=\"e-con-inner\">\n\t\t\r\n\t\t\t\t<div class=\"elementor-element elementor-element-564390e elementor-widget__width-initial elementor-widget elementor-widget-rs-heading\" data-id=\"564390e\" data-element_type=\"widget\" data-e-type=\"widget\" data-widget_type=\"rs-heading.default\">\n\t\t\t\t<div class=\"elementor-widget-container\">\n\t\t\t\t\t\n\t\t<div class=\"prelements-heading style1  center\">\n\t\t\t<div class=\"title-inner\">\n\t\t\t\t\t\t\t\t\t<span class=\"sub-text\">\n\t\t\t\t\t\t<svg xmlns=\"http:\/\/www.w3.org\/2000\/svg\" width=\"11\" height=\"15\" viewBox=\"0 0 11 15\" fill=\"none\"><path d=\"M3.14286 10L0 15L8.78104e-07 0L3.14286 5V10Z\" fill=\"#EA5501\"><\/path><path fill-rule=\"evenodd\" clip-rule=\"evenodd\" d=\"M6.28571 10L3.14286 15L3.14286 10L4.71428 7.5L3.14286 5L3.14286 0L6.28571 5L6.28571 10ZM6.28571 10L7.85714 7.5L6.28571 5V0L11 7.5L6.28571 15V10Z\" fill=\"#EA5501\"><\/path><\/svg>\t\t\t\t\t\tRefraceram\t\t\t\t\t<\/span>\n\t\t\t\t<h2 class=\"title rs-split-text-disable \">INTERNACIONAL<\/h2>\n\t\t\t<\/div>\n\t\t\t\t\t\t\t<div class=\"description\">\n\t\t\t\t\t<p>Refraceram se halla presente en gran n\u00famero de pa\u00edses a trav\u00e9s de sus fabricados y servicios.<\/p>\t\t\t\t<\/div>\n\t\t\t\t\t<\/div>\n\t\t\t\t<\/div>\n\t\t\t\t<\/div>\n\t\t\r\n\t\t\t\t<div class=\"elementor-element elementor-element-72bf756 elementor-widget elementor-widget-image\" data-id=\"72bf756\" data-element_type=\"widget\" data-e-type=\"widget\" data-widget_type=\"image.default\">\n\t\t\t\t<div class=\"elementor-widget-container\">\n\t\t\t\t\t\t\t\t\t\t\t\t\t\t\t<img decoding=\"async\" width=\"1280\" height=\"593\" src=\"https:\/\/refraceram.com\/wp-content\/uploads\/2024\/06\/Refraceram-mapa.webp\" class=\"attachment-full size-full wp-image-30247\" alt=\"Refraceram mapa\" srcset=\"https:\/\/refraceram.com\/wp-content\/uploads\/2024\/06\/Refraceram-mapa.webp 1280w, https:\/\/refraceram.com\/wp-content\/uploads\/2024\/06\/Refraceram-mapa-300x139.webp 300w, https:\/\/refraceram.com\/wp-content\/uploads\/2024\/06\/Refraceram-mapa-1024x474.webp 1024w, https:\/\/refraceram.com\/wp-content\/uploads\/2024\/06\/Refraceram-mapa-768x356.webp 768w\" sizes=\"(max-width: 1280px) 100vw, 1280px\" \/>\t\t\t\t\t\t\t\t\t\t\t\t\t\t\t<\/div>\n\t\t\t\t<\/div>\n\t\t\t\t\t<\/div>\n\t\t\t\t<\/div>\n\t\t\t\t<\/div>\n\t\t\t\t\t<\/div>\n\t\t\t\t<\/div>\n\t\t\t\t<\/div>\n\t\t","protected":false},"excerpt":{"rendered":"<p>Company Refraceram S.L. Refraceram is a Spanish company focused on providing comprehensive solutions for its clients in the field of refractory materials. Refraceram brings over thirty years of experience in serving various industrial sectors where refractory materials are involved in the production process. Refraceram&#8217;s areas of expertise include: Supplying all types of refractory materials, both&#8230;<\/p>\n","protected":false},"author":1,"featured_media":0,"parent":0,"menu_order":1,"comment_status":"closed","ping_status":"closed","template":"elementor_header_footer","meta":{"footnotes":""},"class_list":["post-31275","page","type-page","status-publish","hentry"],"_links":{"self":[{"href":"https:\/\/refraceram.com\/en\/wp-json\/wp\/v2\/pages\/31275","targetHints":{"allow":["GET"]}}],"collection":[{"href":"https:\/\/refraceram.com\/en\/wp-json\/wp\/v2\/pages"}],"about":[{"href":"https:\/\/refraceram.com\/en\/wp-json\/wp\/v2\/types\/page"}],"author":[{"embeddable":true,"href":"https:\/\/refraceram.com\/en\/wp-json\/wp\/v2\/users\/1"}],"replies":[{"embeddable":true,"href":"https:\/\/refraceram.com\/en\/wp-json\/wp\/v2\/comments?post=31275"}],"version-history":[{"count":10,"href":"https:\/\/refraceram.com\/en\/wp-json\/wp\/v2\/pages\/31275\/revisions"}],"predecessor-version":[{"id":31698,"href":"https:\/\/refraceram.com\/en\/wp-json\/wp\/v2\/pages\/31275\/revisions\/31698"}],"wp:attachment":[{"href":"https:\/\/refraceram.com\/en\/wp-json\/wp\/v2\/media?parent=31275"}],"curies":[{"name":"wp","href":"https:\/\/api.w.org\/{rel}","templated":true}]}}